{"id":1238,"date":"2019-02-22T15:26:02","date_gmt":"2019-02-22T15:26:02","guid":{"rendered":"http:\/\/webrelish.ch\/?page_id=1238"},"modified":"2019-02-22T15:28:11","modified_gmt":"2019-02-22T15:28:11","slug":"agb","status":"publish","type":"page","link":"https:\/\/food-event.ch\/?page_id=1238","title":{"rendered":"AGB"},"content":{"rendered":"<p><strong>Food &amp; Event GmbH: Allgemeine Gesch\u00e4ftsbedingungen Catering<\/strong><\/p>\n<p><strong>1. Allgemeines<\/strong><br \/>\nFood &amp; Event GmbH Catering (nachfolgend \u201eFood &amp; Event&#8220;) erbringt Catering- und Bankett-Dienstleistungen f\u00fcr Anl\u00e4sse ihrer Kunden nach Massgabe des individuell abgeschlossenen Vertrags sowie der vorliegenden allgemeinen Gesch\u00e4ftsbedingungen.<br \/>\nFood &amp; Event \u00fcbernimmt in keiner Form die Funktion eines Veranstalters. Veranstalter und somit verantwortlich f\u00fcr den geordneten Ablauf des Anlasses ist stets der Kunde oder sein Auftraggeber.<\/p>\n<p><strong>2. Offerte und Best\u00e4tigung<\/strong><br \/>\nGest\u00fctzt auf die Angaben des Kunden unterbreitet Food &amp; Event dem Kunden eine detaillierte Offerte \u00fcber die zu erbringenden Catering-Dienstleistungen. Nach Pr\u00fcfung der Offerte durch den Kunden sowie nach Einarbeitung seiner allf\u00e4lligen \u00c4nderungen und Erg\u00e4nzungen stellt Food &amp; Event dem Kunden eine schriftliche Auftragsbest\u00e4tigung zu. Der Vertrag kommt mit Unterzeichnung dieser Auftragsbest\u00e4tigung durch den Kunden zustande.<\/p>\n<p><strong>3. Infrastruktur \/ Organisatorisches<\/strong><br \/>\n3.1. Infrastruktur<br \/>\nDer Kunde ist verantwortlich, dass die Lokalit\u00e4ten und das Gel\u00e4nde f\u00fcr den Anlass mit entsprechenden Fahrzeugen erreichbar sind. Insbesondere hat der Kunde Food &amp; Event umgehend, jedoch sp\u00e4testens bis zu deren schriftlicher Auftragsbest\u00e4tigung (siehe vorstehende Ziffer 2) zu informieren, falls die Zufahrt erschwert ist, das Geb\u00e4ude \u00fcber keinen Lift verf\u00fcgt oder die erforderlichen Installationen (Strom, Wasser, etc.) nicht in \u00fcblicher gebrauchsf\u00e4higer Form vorhanden sind.<\/p>\n<p>Erweist sich am Tag des Anlasses die Erbringung der Catering-Dienstleistung infolge ungen\u00fcgender Infrastruktur als erschwert oder nicht m\u00f6glich, ist der Kunde verpflichtet den vollen Bestellwert zu entrichten, auch wenn nur teilweise oder gar keine Erbringung der Catering-Dienstleistung durch Food &amp; Event m\u00f6glich ist.<\/p>\n<p>3.2. Versicherung<br \/>\nDer Kunde oder die von ihm beauftragte Person ist verantwortlich, dass die f\u00fcr den zu organisierenden Anlass \u00fcbliche Versicherungsdeckung f\u00fcr Sach- und Personensch\u00e4den rechtzeitig und mit gen\u00fcgender Deckung abgeschlossen wird.<\/p>\n<p>3.3. Bewilligungen<br \/>\nDer Kunde oder die von ihm beauftragte Person ist verantwortlich, bei der \u00f6rtlich zust\u00e4ndigen Beh\u00f6rde eine allf\u00e4llig erforderliche Bewilligung f\u00fcr eine Verl\u00e4ngerung einzuholen.<\/p>\n<p>3.4. Zapfengeld<br \/>\nSofern der Kunde oder Drittpersonen Getr\u00e4nke an den Anlass mitbringen, verrechnet Food &amp; Event dem Kunden ein Zapfengeld pro Teilnehmer.<\/p>\n<p>3.5. Nachtzuschl\u00e4ge<br \/>\nAb Mitternacht, wird zum Stundenansatz f\u00fcr Service- und K\u00fcchenpersonal zus\u00e4tzlich ein Nachtzuschlag von 20% \/ Stunde und Person verrechnet.<\/p>\n<p><strong>4. \u00c4nderung der Bestellung<\/strong><br \/>\n\u00c4nderungen an der Bestellung des Kunden (Speisen und\/oder Getr\u00e4nke) nach Abschluss des Vertrags sind bis sp\u00e4testens acht Kalendertage vor dem Anlass m\u00f6glich; eine sp\u00e4tere \u00c4nderung ist ausgeschlossen.<\/p>\n<p>Ver\u00e4nderungen der Zahl der am Anlass teilnehmenden Personen k\u00f6nnen bis 3 Tage vor der Veranstaltung mitgeteilt werden. Die vom Kunden bekanntgegebene Teilnehmerzahl ist verbindlich; Leistungen f\u00fcr nachtr\u00e4glich noch wegfallende Teilnehmer werden dem Kunden in Rechnung gestellt.<\/p>\n<p><strong>5. Annullation<\/strong><br \/>\nL\u00f6st der Kunde den Vertrag nachtr\u00e4glich ganz oder teilweise auf, so stellt ihm Food &amp; Event die hierdurch entfallenden Leistungen wie folgt in Rechnung:<\/p>\n<p>&gt; 14 Tage vor dem Anlass: keine Rechnungstellung.<br \/>\n13 &#8211; 8 Tage vor dem Anlass: 30 % der entfallenden Leistungen.<br \/>\n7 &#8211; 3 Tage vor dem Anlass: 50 % der entfallenden Leistungen.<br \/>\n2 &#8211; 0 Tage vor dem Anlass: 100 % der entfallenden Leistungen.<\/p>\n<p><strong>6. Versp\u00e4tete Anlieferung, Verz\u00f6gerungen<\/strong><\/p>\n<p>Die mit dem Kunden vereinbarten Liefer- und Service-Zeiten sind in jedem Fall als Richtzeiten vereinbart. Food &amp; Event \u00fcbernimmt keine Haftung f\u00fcr versp\u00e4tete Anlieferungen und Verz\u00f6gerungen im Ablauf des Anlasses.<\/p>\n<p>Food &amp; Event ist jedoch bem\u00fcht, die Richtzeiten einzuhalten.<\/p>\n<p><strong>7. Material in Miete<\/strong><br \/>\nWird seitens Food &amp; Event Mietmaterial f\u00fcr Fremdanl\u00e4sse gestellt (Gl\u00e4ser, Geschirr, Bestecke, W\u00e4sche etc.), ist der Kunde daf\u00fcr verantwortlich, dass das Material vollst\u00e4ndig, unversehrt und zeigerecht zur\u00fcckgegeben wird. Verluste gehen zu Lasten des Kunden, bei versp\u00e4teter R\u00fcckgabe kann ein weiterer Miettag verrechnet werden.<\/p>\n<p>7.1. Reinigung<br \/>\nDas Mietmaterial wird in sauberem Zustand geliefert.<br \/>\nNicht oder schlecht gereinigtes Mobiliar wird zum Stundenansatz von Fr. 48.00 gereinigt und verrechnet. \u00dcber den Sauberkeitszustand entscheidet Food &amp; Event. Bei Geschirr und Gl\u00e4ser ist die Reinigung im Mietspreis enthalten.<br \/>\nFehlendes oder defektes Material wird durch Food &amp; Event ersetzt oder repariert und entsprechend in Rechnung gestellt. Fremd-Ersatz wird nicht angenommen.<\/p>\n<p><strong>8. Zahlungsmodalit\u00e4ten \/ Akontozahlung<\/strong><br \/>\nNach der Durchf\u00fchrung des Anlasses erh\u00e4lt der Kunde von Food &amp; Event eine Schlussrechnung, in welcher die bezogenen Leistungen (Essen, Getr\u00e4nke, Transport, Material, Personal, durch G\u00e4ste direkt vorgenommene Bestellungen), allf\u00e4llige Verluste und die geleistete Anzahlung ausgewiesen werden.<br \/>\nDie Rechnung ist innert 20 Tagen ab Rechnungsdatum netto zu begleichen. Bei Zahlungsverzug berechnet Food &amp; Event dem Kunden einen Verzugszins von 5% des Rechnungsbetrags.<br \/>\nFood &amp; Event GmbH ist nicht Mehrwertsteuerpflichtig.<\/p>\n<p><strong>9. Erf\u00fcllungsort und Gerichtsstand<\/strong><br \/>\nAuf die Rechtsbeziehung zwischen Food &amp; Event und dem Kunden ist ausschliesslich das schweizerische Recht anwendbar.<br \/>\nAusschliesslicher Gerichtsstand f\u00fcr s\u00e4mtliche aus oder im Zusammenhang mit dem Vertrag zwischen Food &amp; Event und dem Kunden erwachsenden Streitigkeiten ist Baden, wobei der Kunde ausdr\u00fccklich und unwiderruflich auf seinen Wohnsitz- bzw. Sitzgerichtsstand gem\u00e4ss Art. 30 BV verzichtet.<\/p>\n<p>[Stand: 1.Okt. 2016]<\/p>\n","protected":false},"excerpt":{"rendered":"<p>Food &amp; Event GmbH: Allgemeine Gesch\u00e4ftsbedingungen Catering 1. Allgemeines Food &amp; Event GmbH Catering (nachfolgend \u201eFood &amp; Event&#8220;) erbringt Catering- und Bankett-Dienstleistungen f\u00fcr Anl\u00e4sse ihrer Kunden nach Massgabe des individuell &#8230;<\/p>\n","protected":false},"author":1,"featured_media":0,"parent":0,"menu_order":9995,"comment_status":"closed","ping_status":"closed","template":"","meta":{"footnotes":""},"class_list":["post-1238","page","type-page","status-publish","hentry"],"_links":{"self":[{"href":"https:\/\/food-event.ch\/index.php?rest_route=\/wp\/v2\/pages\/1238","targetHints":{"allow":["GET"]}}],"collection":[{"href":"https:\/\/food-event.ch\/index.php?rest_route=\/wp\/v2\/pages"}],"about":[{"href":"https:\/\/food-event.ch\/index.php?rest_route=\/wp\/v2\/types\/page"}],"author":[{"embeddable":true,"href":"https:\/\/food-event.ch\/index.php?rest_route=\/wp\/v2\/users\/1"}],"replies":[{"embeddable":true,"href":"https:\/\/food-event.ch\/index.php?rest_route=%2Fwp%2Fv2%2Fcomments&post=1238"}],"version-history":[{"count":1,"href":"https:\/\/food-event.ch\/index.php?rest_route=\/wp\/v2\/pages\/1238\/revisions"}],"predecessor-version":[{"id":1239,"href":"https:\/\/food-event.ch\/index.php?rest_route=\/wp\/v2\/pages\/1238\/revisions\/1239"}],"wp:attachment":[{"href":"https:\/\/food-event.ch\/index.php?rest_route=%2Fwp%2Fv2%2Fmedia&parent=1238"}],"curies":[{"name":"wp","href":"https:\/\/api.w.org\/{rel}","templated":true}]}}