{"id":1281,"date":"2019-02-22T17:08:57","date_gmt":"2019-02-22T17:08:57","guid":{"rendered":"http:\/\/webrelish.ch\/?page_id=1281"},"modified":"2019-05-21T16:00:54","modified_gmt":"2019-05-21T16:00:54","slug":"crostinis","status":"publish","type":"page","link":"https:\/\/food-event.ch\/?page_id=1281","title":{"rendered":"Crostinis &#038; Co."},"content":{"rendered":"<p>Aus den unten aufgef\u00fchrten Ap\u00e9ro-H\u00e4ppchen k\u00f6nnen Sie individuell Ihren pers\u00f6nlichen Ap\u00e9ro zusammenstellen.<br \/>\nMindestbestellung von je 10 St\u00fcck, beziehungsweise Portionen pro Tapas.<\/p>\n\n<table id=\"tablepress-11\" class=\"tablepress tablepress-id-11\">\n<tbody class=\"row-striping row-hover\">\n<tr class=\"row-1\">\n\t<td class=\"column-1\"><strong>Crostinis<\/strong><\/td><td class=\"column-2\"> <\/td><td class=\"column-3\"> <\/td><td class=\"column-4\"><\/td><td class=\"column-5\"><\/td>\n<\/tr>\n<tr class=\"row-2\">\n\t<td class=\"column-1\">mit Oliventapenade<\/td><td class=\"column-2\"><\/td><td class=\"column-3\">CHF<\/td><td class=\"column-4\">3.00<\/td><td class=\"column-5\"> <\/td>\n<\/tr>\n<tr class=\"row-3\">\n\t<td class=\"column-1\">mit Tomaten und Basilikum<\/td><td class=\"column-2\"><\/td><td class=\"column-3\">CHF<\/td><td class=\"column-4\">3.00<\/td><td class=\"column-5\"> <\/td>\n<\/tr>\n<tr class=\"row-4\">\n\t<td class=\"column-1\">mit Saison Gem\u00fcse<\/td><td class=\"column-2\"><\/td><td class=\"column-3\">CHF<\/td><td class=\"column-4\">3.00<\/td><td class=\"column-5\"> <\/td>\n<\/tr>\n<tr class=\"row-5\">\n\t<td class=\"column-1\">mit Tomatentatar<\/td><td class=\"column-2\"><\/td><td class=\"column-3\">CHF<\/td><td class=\"column-4\">3.90<\/td><td class=\"column-5\"> <\/td>\n<\/tr>\n<tr class=\"row-6\">\n\t<td class=\"column-1\">mit Avocadotatar<\/td><td class=\"column-2\"><\/td><td class=\"column-3\">CHF<\/td><td class=\"column-4\">3.00<\/td><td class=\"column-5\"> <\/td>\n<\/tr>\n<tr class=\"row-7\">\n\t<td class=\"column-1\">mit Thon<\/td><td class=\"column-2\"><\/td><td class=\"column-3\">CHF<\/td><td class=\"column-4\">3.20<\/td><td class=\"column-5\"> <\/td>\n<\/tr>\n<tr class=\"row-8\">\n\t<td class=\"column-1\">mit Ziegenk\u00e4se<\/td><td class=\"column-2\"><\/td><td class=\"column-3\">CHF<\/td><td class=\"column-4\">4.00<\/td><td class=\"column-5\"> <\/td>\n<\/tr>\n<tr class=\"row-9\">\n\t<td class=\"column-1\">mit Lachstatar<\/td><td class=\"column-2\"><\/td><td class=\"column-3\">CHF<\/td><td class=\"column-4\">4.50<\/td><td class=\"column-5\"> <\/td>\n<\/tr>\n<tr class=\"row-10\">\n\t<td class=\"column-1\"> <\/td><td class=\"column-2\"> <\/td><td class=\"column-3\"> <\/td><td class=\"column-4\"><\/td><td class=\"column-5\"><\/td>\n<\/tr>\n<tr class=\"row-11\">\n\t<td class=\"column-1\"><strong>Cornet gef\u00fcllt<\/strong><\/td><td class=\"column-2\"> <\/td><td class=\"column-3\"> <\/td><td class=\"column-4\"><\/td><td class=\"column-5\"><\/td>\n<\/tr>\n<tr class=\"row-12\">\n\t<td class=\"column-1\">mit Thonmousse<\/td><td class=\"column-2\"><\/td><td class=\"column-3\">CHF<\/td><td class=\"column-4\">3.50<\/td><td class=\"column-5\"> <\/td>\n<\/tr>\n<tr class=\"row-13\">\n\t<td class=\"column-1\">mit K\u00e4semousse<\/td><td class=\"column-2\"><\/td><td class=\"column-3\">CHF<\/td><td class=\"column-4\">3.20<\/td><td class=\"column-5\"> <\/td>\n<\/tr>\n<tr class=\"row-14\">\n\t<td class=\"column-1\">mit Tomatentatar<\/td><td class=\"column-2\"><\/td><td class=\"column-3\">CHF<\/td><td class=\"column-4\">3.90<\/td><td class=\"column-5\"> <\/td>\n<\/tr>\n<tr class=\"row-15\">\n\t<td class=\"column-1\">mit Lachstatar<\/td><td class=\"column-2\"><\/td><td class=\"column-3\">CHF<\/td><td class=\"column-4\">4.50<\/td><td class=\"column-5\"> <\/td>\n<\/tr>\n<tr class=\"row-16\">\n\t<td class=\"column-1\">mit Curry-Ei<\/td><td class=\"column-2\"><\/td><td class=\"column-3\">CHF<\/td><td class=\"column-4\">3.50<\/td><td class=\"column-5\"> <\/td>\n<\/tr>\n<tr class=\"row-17\">\n\t<td class=\"column-1\"> <\/td><td class=\"column-2\"> <\/td><td class=\"column-3\"> <\/td><td class=\"column-4\"><\/td><td class=\"column-5\"><\/td>\n<\/tr>\n<tr class=\"row-18\">\n\t<td class=\"column-1\"><strong>Tortillas<\/strong><\/td><td class=\"column-2\"> <\/td><td class=\"column-3\"> <\/td><td class=\"column-4\"><\/td><td class=\"column-5\"><\/td>\n<\/tr>\n<tr class=\"row-19\">\n\t<td class=\"column-1\">mit Zwiebeln (Tortilla espa\u00f1ol)<\/td><td class=\"column-2\">\u00d8 20cm<\/td><td class=\"column-3\">CHF<\/td><td class=\"column-4\">7.00<\/td><td class=\"column-5\"> <\/td>\n<\/tr>\n<tr class=\"row-20\">\n\t<td class=\"column-1\">mit Chorizo und K\u00e4se<\/td><td class=\"column-2\">\u00d8 20cm<\/td><td class=\"column-3\">CHF<\/td><td class=\"column-4\">8.50<\/td><td class=\"column-5\"> <\/td>\n<\/tr>\n<tr class=\"row-21\">\n\t<td class=\"column-1\">mit Auberginen<\/td><td class=\"column-2\">\u00d8 20cm<\/td><td class=\"column-3\">CHF<\/td><td class=\"column-4\">8.50<\/td><td class=\"column-5\"> <\/td>\n<\/tr>\n<tr class=\"row-22\">\n\t<td class=\"column-1\">mit Spinat<\/td><td class=\"column-2\">\u00d8 20cm<\/td><td class=\"column-3\">CHF<\/td><td class=\"column-4\">8.00<\/td><td class=\"column-5\"> <\/td>\n<\/tr>\n<tr class=\"row-23\">\n\t<td class=\"column-1\">mit Spinat und Champignon<\/td><td class=\"column-2\">\u00d8 20cm<\/td><td class=\"column-3\">CHF<\/td><td class=\"column-4\">8.00<\/td><td class=\"column-5\"> <\/td>\n<\/tr>\n<tr class=\"row-24\">\n\t<td class=\"column-1\">mit Gem\u00fcse und Manchego<\/td><td class=\"column-2\">\u00d8 20cm<\/td><td class=\"column-3\">CHF<\/td><td class=\"column-4\">8.00<\/td><td class=\"column-5\"> <\/td>\n<\/tr>\n<\/tbody>\n<\/table>\n<!-- #tablepress-11 from cache -->\n<p>Nicht gefunden was Sie sich vorgestellt haben? Fragen Sie uns, wir k\u00f6nnen Ihren Wunsch sicher erf\u00fcllen!\u00a0<a href=\"https:\/\/food-event.ch\/#contact\"><img loading=\"lazy\" decoding=\"async\" class=\"alignnone wp-image-1356\" src=\"https:\/\/food-event.ch\/wp-content\/uploads\/2019\/02\/email-300x300.png\" alt=\"\" width=\"45\" height=\"45\" \/><\/a><\/p>\n<p><a href=\"https:\/\/food-event.ch\/#about\">Zur\u00fcck (vorhergehende Seite)<\/a><\/p>\n","protected":false},"excerpt":{"rendered":"<p>Aus den unten aufgef\u00fchrten Ap\u00e9ro-H\u00e4ppchen k\u00f6nnen Sie individuell Ihren pers\u00f6nlichen Ap\u00e9ro zusammenstellen. Mindestbestellung von je 10 St\u00fcck, beziehungsweise Portionen pro Tapas. Nicht gefunden was Sie sich vorgestellt haben? Fragen Sie &#8230;<\/p>\n","protected":false},"author":1,"featured_media":0,"parent":35,"menu_order":210,"comment_status":"closed","ping_status":"closed","template":"","meta":{"footnotes":""},"class_list":["post-1281","page","type-page","status-publish","hentry"],"_links":{"self":[{"href":"https:\/\/food-event.ch\/index.php?rest_route=\/wp\/v2\/pages\/1281","targetHints":{"allow":["GET"]}}],"collection":[{"href":"https:\/\/food-event.ch\/index.php?rest_route=\/wp\/v2\/pages"}],"about":[{"href":"https:\/\/food-event.ch\/index.php?rest_route=\/wp\/v2\/types\/page"}],"author":[{"embeddable":true,"href":"https:\/\/food-event.ch\/index.php?rest_route=\/wp\/v2\/users\/1"}],"replies":[{"embeddable":true,"href":"https:\/\/food-event.ch\/index.php?rest_route=%2Fwp%2Fv2%2Fcomments&post=1281"}],"version-history":[{"count":6,"href":"https:\/\/food-event.ch\/index.php?rest_route=\/wp\/v2\/pages\/1281\/revisions"}],"predecessor-version":[{"id":1506,"href":"https:\/\/food-event.ch\/index.php?rest_route=\/wp\/v2\/pages\/1281\/revisions\/1506"}],"up":[{"embeddable":true,"href":"https:\/\/food-event.ch\/index.php?rest_route=\/wp\/v2\/pages\/35"}],"wp:attachment":[{"href":"https:\/\/food-event.ch\/index.php?rest_route=%2Fwp%2Fv2%2Fmedia&parent=1281"}],"curies":[{"name":"wp","href":"https:\/\/api.w.org\/{rel}","templated":true}]}}