{"id":1289,"date":"2019-02-22T17:17:30","date_gmt":"2019-02-22T17:17:30","guid":{"rendered":"http:\/\/webrelish.ch\/?page_id=1289"},"modified":"2019-05-21T16:02:51","modified_gmt":"2019-05-21T16:02:51","slug":"gambas","status":"publish","type":"page","link":"https:\/\/food-event.ch\/?page_id=1289","title":{"rendered":"Gambas &#038; Co."},"content":{"rendered":"<p class=\"bodytext\">Aus den unten aufgef\u00fchrten Ap\u00e9ro-H\u00e4ppchen k\u00f6nnen Sie individuell Ihren pers\u00f6nlichen Ap\u00e9ro zusammenstellen.<br \/>\nMindestbestellung von je 10 St\u00fcck, beziehungsweise Portionen pro Tapas.<\/p>\n\n<table id=\"tablepress-12\" class=\"tablepress tablepress-id-12\">\n<tbody class=\"row-striping row-hover\">\n<tr class=\"row-1\">\n\t<td class=\"column-1\"><strong>Gambas<\/strong><\/td><td class=\"column-2\"> <\/td><td class=\"column-3\"> <\/td><td class=\"column-4\"><\/td>\n<\/tr>\n<tr class=\"row-2\">\n\t<td class=\"column-1\">Gambas al ajillo<br \/>\n(Garnelen mit Knoblauch)<\/td><td class=\"column-2\"><\/td><td class=\"column-3\">CHF<\/td><td class=\"column-4\">6.00<\/td>\n<\/tr>\n<tr class=\"row-3\">\n\t<td class=\"column-1\">Gambas al Jerez<br \/>\n(Garnelen mit Knoblauch) und Sherry)<\/td><td class=\"column-2\"><\/td><td class=\"column-3\">CHF<\/td><td class=\"column-4\">6.00<\/td>\n<\/tr>\n<tr class=\"row-4\">\n\t<td class=\"column-1\">Gambas al ajillo con lim\u00f3n<br \/>\n(Garnelen mit Knoblauch) und Zitrone)<\/td><td class=\"column-2\"><\/td><td class=\"column-3\">CHF<\/td><td class=\"column-4\">6.00<\/td>\n<\/tr>\n<tr class=\"row-5\">\n\t<td class=\"column-1\"> <\/td><td class=\"column-2\"> <\/td><td class=\"column-3\"> <\/td><td class=\"column-4\"><\/td>\n<\/tr>\n<tr class=\"row-6\">\n\t<td class=\"column-1\"><strong>Sopas<\/strong><\/td><td class=\"column-2\"> <\/td><td class=\"column-3\"> <\/td><td class=\"column-4\"><\/td>\n<\/tr>\n<tr class=\"row-7\">\n\t<td class=\"column-1\">Gazpacho<\/td><td class=\"column-2\"><\/td><td class=\"column-3\">CHF<\/td><td class=\"column-4\">4.00<\/td>\n<\/tr>\n<tr class=\"row-8\">\n\t<td class=\"column-1\">Sopa de ajo<br \/>\n(Mallorquinische Knoblauchsuppe)<\/td><td class=\"column-2\"> <\/td><td class=\"column-3\">CHF<\/td><td class=\"column-4\">5.00<\/td>\n<\/tr>\n<tr class=\"row-9\">\n\t<td class=\"column-1\">Sopa mallorquina de col<br \/>\n(Mallorquinische Kohlsuppe)<\/td><td class=\"column-2\"><\/td><td class=\"column-3\">CHF<\/td><td class=\"column-4\">4.50<\/td>\n<\/tr>\n<tr class=\"row-10\">\n\t<td class=\"column-1\"> <\/td><td class=\"column-2\"> <\/td><td class=\"column-3\"> <\/td><td class=\"column-4\"><\/td>\n<\/tr>\n<tr class=\"row-11\">\n\t<td class=\"column-1\"><strong>Dips<\/strong><\/td><td class=\"column-2\"> <\/td><td class=\"column-3\"> <\/td><td class=\"column-4\"><\/td>\n<\/tr>\n<tr class=\"row-12\">\n\t<td class=\"column-1\">Salsa alioli<br \/>\n(Aioli mit Brot)<\/td><td class=\"column-2\"><\/td><td class=\"column-3\">CHF<\/td><td class=\"column-4\">3.70<\/td>\n<\/tr>\n<tr class=\"row-13\">\n\t<td class=\"column-1\">Dip de Berenjena<br \/>\n(Auberginen Dip)<\/td><td class=\"column-2\"><\/td><td class=\"column-3\">CHF<\/td><td class=\"column-4\">3.80<\/td>\n<\/tr>\n<tr class=\"row-14\">\n\t<td class=\"column-1\">Frischk\u00e4se mit gr\u00fcnen Oliven<\/td><td class=\"column-2\"><\/td><td class=\"column-3\">CHF<\/td><td class=\"column-4\">5.10<\/td>\n<\/tr>\n<tr class=\"row-15\">\n\t<td class=\"column-1\">K\u00e4se-Knoblauch-Dip mit Tomatentost<\/td><td class=\"column-2\"><\/td><td class=\"column-3\">CHF<\/td><td class=\"column-4\">5.70<\/td>\n<\/tr>\n<\/tbody>\n<\/table>\n<!-- #tablepress-12 from cache -->\n<p>Nicht gefunden was Sie sich vorgestellt haben? Fragen Sie uns, wir k\u00f6nnen Ihren Wunsch sicher erf\u00fcllen!\u00a0<a href=\"https:\/\/food-event.ch\/#contact\"><img loading=\"lazy\" decoding=\"async\" class=\"alignnone wp-image-1356\" src=\"https:\/\/food-event.ch\/wp-content\/uploads\/2019\/02\/email-300x300.png\" alt=\"\" width=\"45\" height=\"45\" \/><\/a><\/p>\n<p><a href=\"https:\/\/food-event.ch\/#about\">Zur\u00fcck (vorhergehende Seite)<\/a><\/p>\n","protected":false},"excerpt":{"rendered":"<p>Aus den unten aufgef\u00fchrten Ap\u00e9ro-H\u00e4ppchen k\u00f6nnen Sie individuell Ihren pers\u00f6nlichen Ap\u00e9ro zusammenstellen. Mindestbestellung von je 10 St\u00fcck, beziehungsweise Portionen pro Tapas. Nicht gefunden was Sie sich vorgestellt haben? Fragen Sie &#8230;<\/p>\n","protected":false},"author":1,"featured_media":0,"parent":35,"menu_order":225,"comment_status":"closed","ping_status":"closed","template":"","meta":{"footnotes":""},"class_list":["post-1289","page","type-page","status-publish","hentry"],"_links":{"self":[{"href":"https:\/\/food-event.ch\/index.php?rest_route=\/wp\/v2\/pages\/1289","targetHints":{"allow":["GET"]}}],"collection":[{"href":"https:\/\/food-event.ch\/index.php?rest_route=\/wp\/v2\/pages"}],"about":[{"href":"https:\/\/food-event.ch\/index.php?rest_route=\/wp\/v2\/types\/page"}],"author":[{"embeddable":true,"href":"https:\/\/food-event.ch\/index.php?rest_route=\/wp\/v2\/users\/1"}],"replies":[{"embeddable":true,"href":"https:\/\/food-event.ch\/index.php?rest_route=%2Fwp%2Fv2%2Fcomments&post=1289"}],"version-history":[{"count":5,"href":"https:\/\/food-event.ch\/index.php?rest_route=\/wp\/v2\/pages\/1289\/revisions"}],"predecessor-version":[{"id":1511,"href":"https:\/\/food-event.ch\/index.php?rest_route=\/wp\/v2\/pages\/1289\/revisions\/1511"}],"up":[{"embeddable":true,"href":"https:\/\/food-event.ch\/index.php?rest_route=\/wp\/v2\/pages\/35"}],"wp:attachment":[{"href":"https:\/\/food-event.ch\/index.php?rest_route=%2Fwp%2Fv2%2Fmedia&parent=1289"}],"curies":[{"name":"wp","href":"https:\/\/api.w.org\/{rel}","templated":true}]}}