{"id":35,"date":"2019-02-22T10:03:13","date_gmt":"2019-02-22T10:03:13","guid":{"rendered":"http:\/\/webrelish.ch\/?page_id=35"},"modified":"2020-02-09T13:48:00","modified_gmt":"2020-02-09T13:48:00","slug":"catering","status":"publish","type":"page","link":"https:\/\/food-event.ch\/?page_id=35","title":{"rendered":"Catering"},"content":{"rendered":"<p><img loading=\"lazy\" decoding=\"async\" class=\"alignright wp-image-1457\" src=\"https:\/\/food-event.ch\/wp-content\/uploads\/2019\/05\/servietten-300x176.jpg\" alt=\"\" width=\"317\" height=\"186\" srcset=\"https:\/\/food-event.ch\/wp-content\/uploads\/2019\/05\/servietten-300x176.jpg 300w, https:\/\/food-event.ch\/wp-content\/uploads\/2019\/05\/servietten.jpg 320w\" sizes=\"auto, (max-width: 317px) 100vw, 317px\" \/>Catering ist einer unserer Hauptbereiche und ein wichtiger Bestandteil unserer Dienstleistungen. Die G\u00e4ste unserer Kunden zu begeistern ist f\u00fcr uns eine Herzensangelegenheit! Und so versuchen wir zu begeistern, sei es bei Ihnen zu Hause, bei Ihnen in der Firma, bei Ihnen im Garten oder in anderen R\u00e4umlichkeiten.<\/p>\n<p>Anl\u00e4sse zum Feiern gibt es immer. Ganz egal was Sie feiern wollen, ob im privaten Kreis oder im gesch\u00e4ftlichen Rahmen, wir sind mit Sicherheit der richtige Ansprechpartner. Ob Fingerfood, Buffet oder 5 Gang Men\u00fc, wir bieten Ihnen unvergleichliche Qualit\u00e4t. Dekoration, Sektempfang, Shuttleservice, Hotelsuche, Blumenservice, Musik, Licht und alles andere was zu einer guten Party geh\u00f6rt, wird auf Wunsch selbstverst\u00e4ndlich vom Food &amp; Event Partyservice Team \u00fcbernommen.<\/p>\n<p><img loading=\"lazy\" decoding=\"async\" class=\"alignleft wp-image-1456\" src=\"https:\/\/food-event.ch\/wp-content\/uploads\/2019\/05\/teller-300x200.jpg\" alt=\"\" width=\"317\" height=\"212\" srcset=\"https:\/\/food-event.ch\/wp-content\/uploads\/2019\/05\/teller-300x200.jpg 300w, https:\/\/food-event.ch\/wp-content\/uploads\/2019\/05\/teller.jpg 424w\" sizes=\"auto, (max-width: 317px) 100vw, 317px\" \/><strong>Fingerfood oder 5 G\u00e4nge-Men\u00fc? Kein Problem!<\/strong><\/p>\n<p>Sie wollen eine Luxusparty veranstalten und Ihre G\u00e4ste so richtig beeindrucken und verw\u00f6hnen? Gerne, bei uns sind Sie richtig!<br \/>\nDurch unsere jahrelange Erfahrung im Partyservice bieten wir Ihnen professionelle Beratung abgestimmt auf Ihre G\u00e4ste. Wir \u00fcbernehmen f\u00fcr Sie die komplette Bewirtung Ihrer Feier, damit Sie mehr Zeit f\u00fcr Ihre G\u00e4ste haben. Nehmen Sie mit uns Kontakt auf. Unser Chef ber\u00e4t Sie gerne pers\u00f6nlich. Wir arbeiten verschiedene Partykonzepte f\u00fcr Sie oder mit Ihnen zusammen aus. Mit uns sind Sie auf jede Art von Festlichkeit bestens vorbereitet.<\/p>\n<h3><\/h3>\n<h3 class=\"lsow-title\" style=\"text-align: center;\">Aus unserem Ap\u00e9roangebot<\/h3>\n<h5 class=\"lsow-title\" style=\"text-align: center;\"><a href=\"https:\/\/food-event.ch\/?page_id=1255\">Tapas\u00a0 \u00a0 \u00a0 \u00a0 \u00a0 \u00a0 \u00a0 \u00a0 \u00a0 \u00a0 \u00a0 \u00a0 \u00a0 \u00a0 \u00a0 \u00a0 \u00a0 \u00a0 \u00a0<\/a><a href=\"https:\/\/food-event.ch\/?page_id=1281\">Crostini &amp; Co.\u00a0 \u00a0 \u00a0 \u00a0 \u00a0 \u00a0 \u00a0 \u00a0 \u00a0 \u00a0<\/a><a href=\"https:\/\/food-event.ch\/?page_id=1289\">Gambas &amp; Co.\u00a0 \u00a0 \u00a0 \u00a0 \u00a0 \u00a0 \u00a0 \u00a0 \u00a0 \u00a0<\/a><a href=\"https:\/\/food-event.ch\/?page_id=1287\">Postres\u00a0 \u00a0 \u00a0 \u00a0 \u00a0 \u00a0 \u00a0 \u00a0 \u00a0\u00a0\u00a0 <\/a><\/h5>\n<h3 class=\"lsow-title\" style=\"text-align: center;\"><a style=\"font-size: 1.25rem; color: *777777;\" href=\"https:\/\/food-event.ch\/?page_id=1255\"><img loading=\"lazy\" decoding=\"async\" class=\"alignnone size-thumbnail wp-image-1459\" src=\"https:\/\/food-event.ch\/wp-content\/uploads\/2019\/05\/tap2-150x150.jpg\" alt=\"\" width=\"150\" height=\"150\" srcset=\"https:\/\/food-event.ch\/wp-content\/uploads\/2019\/05\/tap2-150x150.jpg 150w, https:\/\/food-event.ch\/wp-content\/uploads\/2019\/05\/tap2-300x300.jpg 300w, https:\/\/food-event.ch\/wp-content\/uploads\/2019\/05\/tap2.jpg 310w\" sizes=\"auto, (max-width: 150px) 100vw, 150px\" \/><\/a>\u00a0 \u00a0 \u00a0 <a href=\"https:\/\/food-event.ch\/?page_id=1281\"><img loading=\"lazy\" decoding=\"async\" class=\"alignnone size-thumbnail wp-image-1448\" src=\"https:\/\/food-event.ch\/wp-content\/uploads\/2019\/05\/Crostini-150x150.jpg\" alt=\"\" width=\"150\" height=\"150\" \/><\/a>\u00a0 \u00a0 \u00a0 <a href=\"https:\/\/food-event.ch\/?page_id=1289\"><img loading=\"lazy\" decoding=\"async\" class=\"alignnone size-thumbnail wp-image-1446\" src=\"https:\/\/food-event.ch\/wp-content\/uploads\/2019\/05\/Gambas-al-Ajillo-150x150.jpg\" alt=\"\" width=\"150\" height=\"150\" \/><\/a>\u00a0 \u00a0 \u00a0<a href=\"https:\/\/food-event.ch\/?page_id=1295\"><img loading=\"lazy\" decoding=\"async\" class=\"alignnone size-thumbnail wp-image-1443\" src=\"https:\/\/food-event.ch\/wp-content\/uploads\/2019\/05\/Postres-150x150.jpg\" alt=\"\" width=\"150\" height=\"150\" \/><\/a><\/h3>\n","protected":false},"excerpt":{"rendered":"<p>Catering ist einer unserer Hauptbereiche und ein wichtiger Bestandteil unserer Dienstleistungen. Die G\u00e4ste unserer Kunden zu begeistern ist f\u00fcr uns eine Herzensangelegenheit! Und so versuchen wir zu begeistern, sei es &#8230;<\/p>\n","protected":false},"author":1,"featured_media":0,"parent":0,"menu_order":200,"comment_status":"closed","ping_status":"closed","template":"","meta":{"footnotes":""},"class_list":["post-35","page","type-page","status-publish","hentry"],"_links":{"self":[{"href":"https:\/\/food-event.ch\/index.php?rest_route=\/wp\/v2\/pages\/35","targetHints":{"allow":["GET"]}}],"collection":[{"href":"https:\/\/food-event.ch\/index.php?rest_route=\/wp\/v2\/pages"}],"about":[{"href":"https:\/\/food-event.ch\/index.php?rest_route=\/wp\/v2\/types\/page"}],"author":[{"embeddable":true,"href":"https:\/\/food-event.ch\/index.php?rest_route=\/wp\/v2\/users\/1"}],"replies":[{"embeddable":true,"href":"https:\/\/food-event.ch\/index.php?rest_route=%2Fwp%2Fv2%2Fcomments&post=35"}],"version-history":[{"count":109,"href":"https:\/\/food-event.ch\/index.php?rest_route=\/wp\/v2\/pages\/35\/revisions"}],"predecessor-version":[{"id":1607,"href":"https:\/\/food-event.ch\/index.php?rest_route=\/wp\/v2\/pages\/35\/revisions\/1607"}],"wp:attachment":[{"href":"https:\/\/food-event.ch\/index.php?rest_route=%2Fwp%2Fv2%2Fmedia&parent=35"}],"curies":[{"name":"wp","href":"https:\/\/api.w.org\/{rel}","templated":true}]}}